{"id":125,"date":"2021-06-05T17:38:37","date_gmt":"2021-06-05T17:38:37","guid":{"rendered":"http:\/\/belliswine.dk\/?page_id=125"},"modified":"2024-06-12T12:14:55","modified_gmt":"2024-06-12T12:14:55","slug":"priser","status":"publish","type":"page","link":"https:\/\/belliswine.dk\/index.php\/priser\/","title":{"rendered":"Priser"},"content":{"rendered":"\n<div class=\"wp-block-media-text alignwide is-stacked-on-mobile\"><figure class=\"wp-block-media-text__media\"><img loading=\"lazy\" decoding=\"async\" width=\"1024\" height=\"729\" src=\"http:\/\/belliswine.dk\/wp-content\/uploads\/2021\/06\/liquid-wine-glass-bar-red-splash-565120-pxhere-1024x729.jpg\" alt=\"\" class=\"wp-image-133 size-full\" srcset=\"https:\/\/belliswine.dk\/wp-content\/uploads\/2021\/06\/liquid-wine-glass-bar-red-splash-565120-pxhere-1024x729.jpg 1024w, https:\/\/belliswine.dk\/wp-content\/uploads\/2021\/06\/liquid-wine-glass-bar-red-splash-565120-pxhere-300x214.jpg 300w, https:\/\/belliswine.dk\/wp-content\/uploads\/2021\/06\/liquid-wine-glass-bar-red-splash-565120-pxhere-768x547.jpg 768w, https:\/\/belliswine.dk\/wp-content\/uploads\/2021\/06\/liquid-wine-glass-bar-red-splash-565120-pxhere-1536x1093.jpg 1536w, https:\/\/belliswine.dk\/wp-content\/uploads\/2021\/06\/liquid-wine-glass-bar-red-splash-565120-pxhere-2048x1458.jpg 2048w\" sizes=\"auto, (max-width: 1024px) 100vw, 1024px\" \/><\/figure><div class=\"wp-block-media-text__content\">\n<p style=\"font-size:15px\">Prisen for en standard vinsmagning er 400 kr. pr. deltager.  Der er ikke et krav at I minimum skal v\u00e6re et bestemt antal deltagere, men minimumsprisen er 2.400 kr.  Dette inkluderer 4-6 vine afh\u00e6ngig af emnet.<\/p>\n\n\n\n<p style=\"font-size:15px\">Smagningen afholdes hos dig og hvis dette er h\u00f8jest 40 km fra \u00d8lstykke, s\u00e5 er der ingen ekstra omkostninger. Bor du l\u00e6ngere v\u00e6k, s\u00e5 aftaler vi en pris for k\u00f8rslen.<\/p>\n\n\n\n<p style=\"font-size:15px\">Vi tager glas med. <\/p>\n\n\n\n<p style=\"font-size:15px\">Her har du et par priseksempler:<\/p>\n\n\n\n<p style=\"font-size:15px\">2-5 deltagere, som smager 4-5 vine koster 2.400 kr.<\/p>\n\n\n\n<p style=\"font-size:15px\">8 deltagere, som smager 6 vine koster 3.200 kr.<\/p>\n<\/div><\/div>\n\n\n\n<p><\/p>\n\n\n\n<div class=\"wp-block-media-text alignwide has-media-on-the-right is-stacked-on-mobile\"><div class=\"wp-block-media-text__content\">\n<p style=\"font-size:15px\">Nogle vine er mere kostbare end andre. Hvis I har \u00f8nske om en vinsmagning fra et s\u00e6rligt omr\u00e5de, s\u00e5 skriv eller ring til os, s\u00e5 aftaler vi en pris.<\/p>\n\n\n\n<p style=\"font-size:15px\">Det kunne f.eks. v\u00e6re hvis emnet er Grand Cru Classe vine fra Bordeaux, Cabernet Sauvignon fra Napa Valley eller Bourgogne.<\/p>\n<\/div><figure class=\"wp-block-media-text__media\"><img loading=\"lazy\" decoding=\"async\" width=\"1024\" height=\"577\" src=\"http:\/\/belliswine.dk\/wp-content\/uploads\/2021\/06\/IMAG3511-1024x577.jpg\" alt=\"\" class=\"wp-image-135 size-full\" srcset=\"https:\/\/belliswine.dk\/wp-content\/uploads\/2021\/06\/IMAG3511-1024x577.jpg 1024w, https:\/\/belliswine.dk\/wp-content\/uploads\/2021\/06\/IMAG3511-300x169.jpg 300w, https:\/\/belliswine.dk\/wp-content\/uploads\/2021\/06\/IMAG3511-768x433.jpg 768w, https:\/\/belliswine.dk\/wp-content\/uploads\/2021\/06\/IMAG3511-1536x866.jpg 1536w, https:\/\/belliswine.dk\/wp-content\/uploads\/2021\/06\/IMAG3511-2048x1155.jpg 2048w\" sizes=\"auto, (max-width: 1024px) 100vw, 1024px\" \/><\/figure><\/div>\n\n\n\n<p><\/p>\n\n\n\n<div class=\"wp-block-media-text alignwide is-stacked-on-mobile\"><figure class=\"wp-block-media-text__media\"><img loading=\"lazy\" decoding=\"async\" width=\"1024\" height=\"819\" src=\"http:\/\/belliswine.dk\/wp-content\/uploads\/2021\/06\/table-glass-reflection-blue-furniture-party-1018109-pxhere-1024x819.jpg\" alt=\"\" class=\"wp-image-134 size-full\" srcset=\"https:\/\/belliswine.dk\/wp-content\/uploads\/2021\/06\/table-glass-reflection-blue-furniture-party-1018109-pxhere-1024x819.jpg 1024w, https:\/\/belliswine.dk\/wp-content\/uploads\/2021\/06\/table-glass-reflection-blue-furniture-party-1018109-pxhere-300x240.jpg 300w, https:\/\/belliswine.dk\/wp-content\/uploads\/2021\/06\/table-glass-reflection-blue-furniture-party-1018109-pxhere-768x614.jpg 768w, https:\/\/belliswine.dk\/wp-content\/uploads\/2021\/06\/table-glass-reflection-blue-furniture-party-1018109-pxhere-1536x1229.jpg 1536w, https:\/\/belliswine.dk\/wp-content\/uploads\/2021\/06\/table-glass-reflection-blue-furniture-party-1018109-pxhere-2048x1638.jpg 2048w\" sizes=\"auto, (max-width: 1024px) 100vw, 1024px\" \/><\/figure><div class=\"wp-block-media-text__content\">\n<p id=\"block-d348be11-8342-4a0d-8842-7d06f371ffcf\">Ovenst\u00e5ende er blot forslag, s\u00e5 har du andre \u00f8nsker, s\u00e5 tag fat i mig, s\u00e5 du f\u00e5r lige den smagning du \u00f8nsker.<\/p>\n<\/div><\/div>\n\n\n\n<p><\/p>\n","protected":false},"excerpt":{"rendered":"<p>Prisen for en standard vinsmagning er 400 kr. pr. deltager. Der er ikke et krav at I minimum skal v\u00e6re et bestemt antal deltagere, men minimumsprisen er 2.400 kr. Dette inkluderer 4-6 vine afh\u00e6ngig af emnet. Smagningen afholdes hos dig og hvis dette er h\u00f8jest 40 km fra \u00d8lstykke, s\u00e5 er der ingen ekstra omkostninger. [&hellip;]<\/p>\n","protected":false},"author":1,"featured_media":0,"parent":0,"menu_order":0,"comment_status":"closed","ping_status":"closed","template":"","meta":{"footnotes":""},"class_list":["post-125","page","type-page","status-publish","hentry"],"_links":{"self":[{"href":"https:\/\/belliswine.dk\/index.php\/wp-json\/wp\/v2\/pages\/125","targetHints":{"allow":["GET"]}}],"collection":[{"href":"https:\/\/belliswine.dk\/index.php\/wp-json\/wp\/v2\/pages"}],"about":[{"href":"https:\/\/belliswine.dk\/index.php\/wp-json\/wp\/v2\/types\/page"}],"author":[{"embeddable":true,"href":"https:\/\/belliswine.dk\/index.php\/wp-json\/wp\/v2\/users\/1"}],"replies":[{"embeddable":true,"href":"https:\/\/belliswine.dk\/index.php\/wp-json\/wp\/v2\/comments?post=125"}],"version-history":[{"count":15,"href":"https:\/\/belliswine.dk\/index.php\/wp-json\/wp\/v2\/pages\/125\/revisions"}],"predecessor-version":[{"id":298,"href":"https:\/\/belliswine.dk\/index.php\/wp-json\/wp\/v2\/pages\/125\/revisions\/298"}],"wp:attachment":[{"href":"https:\/\/belliswine.dk\/index.php\/wp-json\/wp\/v2\/media?parent=125"}],"curies":[{"name":"wp","href":"https:\/\/api.w.org\/{rel}","templated":true}]}}