{"id":25,"date":"2021-06-05T10:41:37","date_gmt":"2021-06-05T10:41:37","guid":{"rendered":"http:\/\/belliswine.dk\/?page_id=25"},"modified":"2025-07-06T13:02:38","modified_gmt":"2025-07-06T13:02:38","slug":"vinsmagninger","status":"publish","type":"page","link":"https:\/\/belliswine.dk\/index.php\/vinsmagninger\/","title":{"rendered":"Vinsmagninger"},"content":{"rendered":"\n<div class=\"wp-block-media-text alignwide has-media-on-the-right is-stacked-on-mobile\" style=\"grid-template-columns:auto 51%\"><div class=\"wp-block-media-text__content\">\n<p style=\"font-size:15px\">Er du ogs\u00e5 nysgerrig p\u00e5 vinens verden og har du lyst til at l\u00e6re mere om hvordan forskellige druer smager, hvorfor vin p\u00e5 den samme drue smager forskelligt, afh\u00e6ngig af fra hvilket omr\u00e5de og land den kommer. Eller har du lyst til at dykke ned i et bestemt vinomr\u00e5de og l\u00e6re mere om dette, s\u00e5 book en vinsmagning som er tilpasset dit \u00f8nske. Der er et uendeligt antal muligheder for sp\u00e6ndende vinsmagning, uanset om du er nybegynder eller mere erfaren indenfor vin.<\/p>\n<\/div><figure class=\"wp-block-media-text__media\"><img loading=\"lazy\" decoding=\"async\" width=\"750\" height=\"500\" src=\"https:\/\/belliswine.dk\/wp-content\/uploads\/2023\/08\/Vinsmagere.png\" alt=\"\" class=\"wp-image-169 size-full\" srcset=\"https:\/\/belliswine.dk\/wp-content\/uploads\/2023\/08\/Vinsmagere.png 750w, https:\/\/belliswine.dk\/wp-content\/uploads\/2023\/08\/Vinsmagere-300x200.png 300w\" sizes=\"auto, (max-width: 750px) 100vw, 750px\" \/><\/figure><\/div>\n\n\n\n<h2 class=\"wp-block-heading\">Eksempler p\u00e5 temaer til vinsmagning<\/h2>\n\n\n\n<div class=\"wp-block-media-text alignwide is-stacked-on-mobile\"><figure class=\"wp-block-media-text__media\"><img loading=\"lazy\" decoding=\"async\" width=\"838\" height=\"810\" src=\"https:\/\/belliswine.dk\/wp-content\/uploads\/2023\/08\/Riesling.jpg\" alt=\"\" class=\"wp-image-167 size-full\" srcset=\"https:\/\/belliswine.dk\/wp-content\/uploads\/2023\/08\/Riesling.jpg 838w, https:\/\/belliswine.dk\/wp-content\/uploads\/2023\/08\/Riesling-300x290.jpg 300w, https:\/\/belliswine.dk\/wp-content\/uploads\/2023\/08\/Riesling-768x742.jpg 768w\" sizes=\"auto, (max-width: 838px) 100vw, 838px\" \/><\/figure><div class=\"wp-block-media-text__content\">\n<ul class=\"wp-block-list\">\n<li>L\u00e6r at kende forskel p\u00e5 druer<\/li>\n\n\n\n<li>Hvad er forskellen p\u00e5 Riesling i Tyskland og andre steder hvor den dyrkes?<\/li>\n\n\n\n<li>Store hvide Bourgogner vs. Californisk Chardonnay<\/li>\n\n\n\n<li>Pinot Noir verden rundt<\/li>\n\n\n\n<li>De store vine fra Bordeaux<\/li>\n<\/ul>\n\n\n\n<p><\/p>\n<\/div><\/div>\n\n\n\n<p>     <\/p>\n\n\n\n<div class=\"wp-block-media-text alignwide is-stacked-on-mobile\"><figure class=\"wp-block-media-text__media\"><img loading=\"lazy\" decoding=\"async\" width=\"1024\" height=\"768\" src=\"http:\/\/belliswine.dk\/wp-content\/uploads\/2021\/06\/Asparges-1024x768.jpg\" alt=\"\" class=\"wp-image-109 size-full\" srcset=\"https:\/\/belliswine.dk\/wp-content\/uploads\/2021\/06\/Asparges-1024x768.jpg 1024w, https:\/\/belliswine.dk\/wp-content\/uploads\/2021\/06\/Asparges-300x225.jpg 300w, https:\/\/belliswine.dk\/wp-content\/uploads\/2021\/06\/Asparges-768x576.jpg 768w, https:\/\/belliswine.dk\/wp-content\/uploads\/2021\/06\/Asparges-1536x1152.jpg 1536w, https:\/\/belliswine.dk\/wp-content\/uploads\/2021\/06\/Asparges-2048x1536.jpg 2048w\" sizes=\"auto, (max-width: 1024px) 100vw, 1024px\" \/><\/figure><div class=\"wp-block-media-text__content\">\n<ul class=\"wp-block-list\">\n<li>Hvorfor fungerer noget vin perfekt til en ret og slet ikke til andre\n<ul class=\"wp-block-list\">\n<li>Find den perfekte vin til julemaden<\/li>\n\n\n\n<li>Hvad skal man drikke til lam?<\/li>\n<\/ul>\n<\/li>\n\n\n\n<li>Oplev forskellen p\u00e5 vine fra den gamle verden (Europa) og den nye verden (bl.a. Nord og Syd Amerika, Australien og Syd Afrika)<\/li>\n<\/ul>\n\n\n\n<p><\/p>\n<\/div><\/div>\n\n\n\n<div class=\"wp-block-media-text alignwide has-media-on-the-right is-stacked-on-mobile\" style=\"grid-template-columns:auto 48%\"><div class=\"wp-block-media-text__content\">\n<ul class=\"wp-block-list\">\n<li>Bobler &#8211; hvad er forskellene p\u00e5 de forskellige mousserende vine?<\/li>\n\n\n\n<li>Portvin og andre Vin Doux Naturel<\/li>\n\n\n\n<li>L\u00e6r at blindsmage<\/li>\n<\/ul>\n<\/div><figure class=\"wp-block-media-text__media\"><img loading=\"lazy\" decoding=\"async\" width=\"604\" height=\"430\" src=\"https:\/\/belliswine.dk\/wp-content\/uploads\/2023\/08\/Cremant.jpg\" alt=\"\" class=\"wp-image-170 size-full\" srcset=\"https:\/\/belliswine.dk\/wp-content\/uploads\/2023\/08\/Cremant.jpg 604w, https:\/\/belliswine.dk\/wp-content\/uploads\/2023\/08\/Cremant-300x214.jpg 300w\" sizes=\"auto, (max-width: 604px) 100vw, 604px\" \/><\/figure><\/div>\n\n\n\n<p>Ovenst\u00e5ende er blot forslag, s\u00e5 har du andre \u00f8nsker, s\u00e5 tag fat i mig, s\u00e5 du f\u00e5r lige den smagning du \u00f8nsker.<\/p>\n","protected":false},"excerpt":{"rendered":"<p>Er du ogs\u00e5 nysgerrig p\u00e5 vinens verden og har du lyst til at l\u00e6re mere om hvordan forskellige druer smager, hvorfor vin p\u00e5 den samme drue smager forskelligt, afh\u00e6ngig af fra hvilket omr\u00e5de og land den kommer. Eller har du lyst til at dykke ned i et bestemt vinomr\u00e5de og l\u00e6re mere om dette, s\u00e5 [&hellip;]<\/p>\n","protected":false},"author":1,"featured_media":0,"parent":0,"menu_order":0,"comment_status":"closed","ping_status":"closed","template":"","meta":{"footnotes":""},"class_list":["post-25","page","type-page","status-publish","hentry"],"_links":{"self":[{"href":"https:\/\/belliswine.dk\/index.php\/wp-json\/wp\/v2\/pages\/25","targetHints":{"allow":["GET"]}}],"collection":[{"href":"https:\/\/belliswine.dk\/index.php\/wp-json\/wp\/v2\/pages"}],"about":[{"href":"https:\/\/belliswine.dk\/index.php\/wp-json\/wp\/v2\/types\/page"}],"author":[{"embeddable":true,"href":"https:\/\/belliswine.dk\/index.php\/wp-json\/wp\/v2\/users\/1"}],"replies":[{"embeddable":true,"href":"https:\/\/belliswine.dk\/index.php\/wp-json\/wp\/v2\/comments?post=25"}],"version-history":[{"count":12,"href":"https:\/\/belliswine.dk\/index.php\/wp-json\/wp\/v2\/pages\/25\/revisions"}],"predecessor-version":[{"id":306,"href":"https:\/\/belliswine.dk\/index.php\/wp-json\/wp\/v2\/pages\/25\/revisions\/306"}],"wp:attachment":[{"href":"https:\/\/belliswine.dk\/index.php\/wp-json\/wp\/v2\/media?parent=25"}],"curies":[{"name":"wp","href":"https:\/\/api.w.org\/{rel}","templated":true}]}}